{"id":18096,"date":"2022-02-24T15:55:41","date_gmt":"2022-02-24T12:55:41","guid":{"rendered":"https:\/\/thaisse.org\/nashi-konsultacii\/"},"modified":"2023-06-01T22:37:38","modified_gmt":"2023-06-01T19:37:38","slug":"nashi-konsultacii","status":"publish","type":"page","link":"https:\/\/thaisse.org\/fr\/nashi-konsultacii\/","title":{"rendered":"Nos conseils"},"content":{"rendered":"<p class=\"p1\"><strong><span class=\"s1\">FORMAT DE LA SESSION<\/span><\/strong><\/p>\n<p class=\"p1\"><span class=\"s1\"><span class=\"Apple-converted-space\">  <\/span><span class=\"Apple-converted-space\">  <\/span>De nombreux entrepreneurs \u00e9vitent de payer des imp\u00f4ts, essaient par tous les moyens de ne pas se conformer aux instructions des autorit\u00e9s de contr\u00f4le et font diverses choses pour lesquelles il est \u00e9vident qu&rsquo;il n&rsquo;y a pas d&rsquo;accord et d&rsquo;acceptation des ordres \u00ab\u00a0d&rsquo;en haut\u00a0\u00bb de la part du monde des affaires. <\/span><\/p>\n<p class=\"p1\"><span class=\"s1\">Il y a des raisons \u00e0 cela, \u00e0 condition de ne pas y toucher, mais cela ne veut pas dire qu&rsquo;il faut faire comme si elles n&rsquo;existaient pas et continuer ainsi.<\/span><\/p>\n<p class=\"p1\"><span class=\"s1\">Cela ne peut pas continuer ainsi, et simplement en raison de la r\u00e9cente<\/span><\/p>\n<p class=\"p1\"><span class=\"s1\"><span class=\"Apple-converted-space\">  <\/span><span class=\"Apple-converted-space\">  <\/span>La d\u00e9cennie, et en particulier les deux ann\u00e9es de \u00ab\u00a0pand\u00e9mie\u00a0\u00bb, ont montr\u00e9 que beaucoup de choses doivent changer pour la grande majorit\u00e9 des entrepreneurs, ainsi que pour l&rsquo;\u00e9conomie et la soci\u00e9t\u00e9 dans leur ensemble. <\/span><\/p>\n<p class=\"p1\"><span class=\"s1\">Ne pr\u00e9tendons pas que tout le monde a \u00e9t\u00e9 malhonn\u00eate dans les affaires, qu&rsquo;il a enfreint les lois et les r\u00e8glements, bien s\u00fbr que non. Mais, malheureusement, il y en a eu et il y en a encore beaucoup, pour de bonnes raisons, comme tout le monde l&rsquo;a remarqu\u00e9,  <\/span><\/p>\n<p class=\"p1\"><span class=\"s1\">Pour l&rsquo;instant, nous nous concentrons sur  <\/span><\/p>\n<p class=\"p1\"><span class=\"s1\">Comment aller de l&rsquo;avant, comment d\u00e9passer la mentalit\u00e9 destructrice : \u00ab\u00a0Apr\u00e8s moi le d\u00e9luge\u00a0\u00bb, \u00ab\u00a0Je ne suis pas le seul, tout le monde le fait\u00a0\u00bb, \u00ab\u00a0Est-il possible d&rsquo;agir honn\u00eatement dans notre \u00c9tat ?<span class=\"Apple-converted-space\">  <\/span>\u00ab\u00a0Si vous faites tout correctement, vous ferez faillite\u00a0\u00bb, etc. <\/span><\/p>\n<p class=\"p1\"><span class=\"s1\">Aujourd&rsquo;hui, dans cette nouvelle r\u00e9alit\u00e9, une telle approche n&rsquo;est pas possible si nous voulons r\u00e9ussir. Pour \u00ab\u00a0s&rsquo;adapter\u00a0\u00bb \u00e0 la nouvelle r\u00e9alit\u00e9, o\u00f9 les lois de l&rsquo;univers fonctionnent d\u00e9sormais des dizaines, voire des centaines de fois plus vite qu&rsquo;auparavant, nous devons nous adapter, et pour ce faire, nous devons r\u00e9fl\u00e9chir, nous poser des questions : O\u00f9 suis-je maintenant ? O\u00f9 se trouve mon entreprise ? O\u00f9 est-ce que je veux venir et apporter mon entreprise ? Avec qui je veux le faire et comment ? Vous devrez apprendre de nouvelles choses, changer votre attitude mentale, ce qui n&rsquo;est pas toujours facile.  <\/span><\/p>\n<p class=\"p1\"><span class=\"s1\">Heureusement, il y a l&rsquo;exp\u00e9rience du monde, il y a des gens qui sont pass\u00e9s par l\u00e0, et cette exp\u00e9rience est toujours pr\u00eate \u00e0 servir tous ceux qui suivent.  <\/span><\/p>\n<p class=\"p1\"><span class=\"s1\">Nous, l&rsquo;\u00e9quipe de THA\u00cfSSE, avons appris en mettant en lumi\u00e8re les \u00e9co-innovations ; nous nous sommes form\u00e9s &#8211; certains membres se sont form\u00e9s pendant des d\u00e9cennies, tout en se d\u00e9veloppant professionnellement, et nous sommes maintenant pr\u00eats \u00e0 vous offrir nos connaissances,<\/span><\/p>\n<p class=\"p1\"><span class=\"s1\">Les comp\u00e9tences en mati\u00e8re d&rsquo;\u00e9ducation et de formation vous aideront \u00e0 prendre conscience de ce qui se passe dans notre monde,<\/span><\/p>\n<p class=\"p1\"><span class=\"s1\">et, en tant qu&rsquo;entrepreneurs, regarder le monde avec de \u00ab\u00a0nouveaux yeux\u00a0\u00bb, comme l&rsquo;exige l&rsquo;\u00e9poque.  <\/span><\/p>\n<p class=\"p1\"><span class=\"s1\">Nous ne sommes pas les autorit\u00e9s de r\u00e9gulation, nous sommes ceux qui souhaitent vivre dans un monde harmonieux et beau, s\u00fbr, propre et o\u00f9 non seulement nous, mais aussi tous les autres \u00eatres vivants &#8211; les humains, les animaux et les plantes &#8211; se sentent bien.<span class=\"Apple-converted-space\">  <\/span>Nous apprenons nous-m\u00eames \u00e0 vivre selon les lois de l&rsquo;univers et de la soci\u00e9t\u00e9.  <\/span><\/p>\n<p class=\"p1\"><span class=\"s1\">Je suis heureux de l&rsquo;avoir fait et je veux aider les autres \u00e0 faire de m\u00eame !  <\/span><\/p>\n<p class=\"p1\"><span class=\"s1\"><span class=\"Apple-converted-space\">  <\/span><span class=\"Apple-converted-space\">  <\/span>Lors de nos consultations, nous vous souhaitons avant tout du bien et nous travaillons avec vous pour r\u00e9soudre vos probl\u00e8mes, ce qui, en fin de compte, conduira \u00e0 votre bien et \u00e0 celui de tout le monde !<span class=\"Apple-converted-space\">   <\/span><\/span><\/p>\n<p class=\"p1\"><span class=\"s2\">Comment faire ?  <\/span><\/p>\n<p class=\"p1\"><span class=\"s1\">Gr\u00e2ce \u00e0 une conversation de confiance, nous cr\u00e9ons un environnement favorable et d\u00e9tendu,<\/span><\/p>\n<p class=\"p1\"><span class=\"s1\">Parlez de vos int\u00e9r\u00eats en tant que personne et entrepreneur, de vos intentions, de vos valeurs de vie.  <\/span><\/p>\n<p class=\"p1\"><span class=\"s1\">Au d\u00e9but, dans la conversation, nous apprenons \u00e0 nous conna\u00eetre : les difficult\u00e9s \u00e0 surmonter, les projets de chacun&#8230;  <\/span><\/p>\n<p class=\"p1\"><span class=\"s1\">L&rsquo;\u00e9tape suivante est la relaxation du corps, le travail du corps, les exercices de respiration, les exercices pour travailler notre intuition, la remise en forme,<\/span><\/p>\n<p class=\"p1\"><span class=\"s1\">m\u00e9ditation.<span class=\"Apple-converted-space\">  <\/span>Nous ne pouvons pas \u00eatre confiants dans nos d\u00e9cisions si la temp\u00eate fait rage dans notre esprit.<span class=\"Apple-converted-space\">  <\/span>Vous devez atteindre un \u00e9tat de calme.  <\/span><\/p>\n<p class=\"p1\"><span class=\"s1\">Nous discutons ensuite du fait que le monde est \u00e9troitement interconnect\u00e9, que nous d\u00e9pendons tous les uns des autres et que le bonheur de chacun et de l&rsquo;ensemble de l&rsquo;humanit\u00e9 d\u00e9pend de la mani\u00e8re dont nous agissons, non seulement de mani\u00e8re significative, mais aussi de mani\u00e8re plus g\u00e9n\u00e9rale.<span class=\"Apple-converted-space\">  <\/span>petites choses. Tout commence par de petites choses, qu&rsquo;il s&rsquo;agisse de succ\u00e8s ou d&rsquo;\u00e9checs. Peu \u00e0 peu, nous arrivons \u00e0 la conclusion qu&rsquo;il vaut mieux travailler ensemble pour le bien commun.  <\/span><\/p>\n<p class=\"p1\"><span class=\"s1\">Qu&rsquo;est-ce que le bien commun ? Bien s\u00fbr, il s&rsquo;agit de notre maison commune, la Terre ! Notre plan\u00e8te, avec ses ressources les plus riches, mais qui a \u00e9t\u00e9 exploit\u00e9e sans piti\u00e9 jusqu&rsquo;\u00e0 pr\u00e9sent. Si nous voulons pr\u00e9server la vie sur Terre pour nous-m\u00eames et nos descendants, pour tous les \u00eatres vivants, et sauver notre m\u00e8re la Terre elle-m\u00eame, dont nous sommes issus et dans laquelle nous irons, qui nous a tout donn\u00e9 &#8211; de la nourriture, un abri, de la beaut\u00e9, un champ illimit\u00e9 de r\u00e9alisation avec un Esprit illimit\u00e9 ! Vous, moi et le monde devons cesser de d\u00e9truire, de polluer l&rsquo;air, l&rsquo;eau, le sol et d&rsquo;utiliser davantage ce que nous sommes capables de consommer nous-m\u00eames. En conjuguant toutes nos intentions, nous pouvons restaurer l&rsquo;\u00e9cologie perturb\u00e9e de la plan\u00e8te.<\/span><\/p>\n<p class=\"p1\"><span class=\"s1\">Comment r\u00e9sister \u00e0 notre \u00e9go\u00efsme ? Oui, oui, cela s&rsquo;appelle de l&rsquo;\u00e9go\u00efsme quand nous pensons et<span class=\"Apple-converted-space\">  <\/span>Nos actions sont centr\u00e9es uniquement sur nos propres besoins et ceux de notre famille, et nous ne nous int\u00e9ressons \u00e0 rien d&rsquo;autre. Malheureusement, cette attitude du consommateur s&rsquo;est form\u00e9e au fil des d\u00e9cennies, et lorsqu&rsquo;une personne s&rsquo;en rend soudain compte, ou qu&rsquo;on l&rsquo;aide \u00e0 s&rsquo;en rendre compte, il lui faut beaucoup de temps pour r\u00e9ajuster sa fa\u00e7on de penser. Et l\u00e0, il est tr\u00e8s important de se d\u00e9velopper collectivement pour ne pas \u00eatre seul. Il a besoin du soutien de personnes partageant les m\u00eames id\u00e9es.<span class=\"Apple-converted-space\">  <\/span>Dans ce cas, vous les trouvez en nous. Nous avons nous aussi travers\u00e9 ce parcours difficile, et il n&rsquo;est certainement pas termin\u00e9, il est en cours.  <\/span><\/p>\n<p class=\"p1\"><span class=\"s1\">Trouver la capacit\u00e9 d&rsquo;adopter de nouvelles lois pour prot\u00e9ger l&rsquo;environnement.  <\/span><\/p>\n<p class=\"p1\"><span class=\"s1\">La coutume est telle que les lois \u00e9manant des autorit\u00e9s, en particulier le versement d&rsquo;argent au Tr\u00e9sor, ne sont pas appr\u00e9ci\u00e9es par les gens, pour ne pas dire plus, et sont \u00e9vit\u00e9es sous divers pr\u00e9textes et sans excuses. En Russie, comme auparavant aux \u00c9tats-Unis et en Europe, des lois ont \u00e9t\u00e9 adopt\u00e9es pour prot\u00e9ger l&rsquo;environnement<span class=\"Apple-converted-space\">  <\/span>et pr\u00e9voir des sanctions en cas de non-respect des normes prescrites.  <\/span><\/p>\n<p class=\"p1\"><span class=\"s1\">Nous pouvons avoir des attitudes diff\u00e9rentes \u00e0 l&rsquo;\u00e9gard des autorit\u00e9s et de la mise en \u0153uvre des lois prescrites. De l&rsquo;acceptation et de la mise en \u0153uvre \u00e0 l&rsquo;indignation et au rejet.  <\/span><\/p>\n<p class=\"p1\"><span class=\"s1\">En ce qui concerne l&rsquo;aspect spirituel et moral des autorit\u00e9s, nous consacrons un article distinct \u00e0 ce sujet. Quelle que soit notre attitude positive ou n\u00e9gative \u00e0 l&rsquo;\u00e9gard des autorit\u00e9s en charge des lois spirituelles, nous devons ob\u00e9ir et  <\/span><\/p>\n<p class=\"p1\"><span class=\"s1\">faire ce qu&rsquo;ils demandent, en cherchant et en trouvant plus de points communs que de diff\u00e9rences. D&rsquo;autant plus s&rsquo;il s&rsquo;agit de r\u00e9glementations pour le bien commun, en l&rsquo;occurrence des r\u00e9glementations environnementales. En cas de r\u00e9sistance<span class=\"Apple-converted-space\">  <\/span>et le non-respect, il y a violation des lois universelles, auquel cas il n&rsquo;y a pas d&rsquo;\u00e9chappatoire \u00e0 la punition.  <\/span><\/p>\n<p class=\"p1\"><span class=\"s1\">P\u00e9nalit\u00e9s sous forme d&rsquo;obstacles divers \u00e0 la r\u00e9alisation des objectifs, perte de clients, de biens mat\u00e9riels et autres, difficult\u00e9s constantes d&rsquo;une nature ou d&rsquo;une autre. Afin d&rsquo;\u00e9viter des difficult\u00e9s ind\u00e9sirables d&rsquo;ordre psychologique et comportemental, nous, l&rsquo;\u00e9quipe du TAIS<span class=\"Apple-converted-space\">  <\/span>sont pr\u00eats \u00e0 vous servir, \u00e0 vous aider doucement \u00e0 avancer sur un nouveau chemin &#8211; plein de lumi\u00e8re et de bont\u00e9, o\u00f9 personne ne se cachera de personne parce qu&rsquo;il n&rsquo;a pas pay\u00e9, a cach\u00e9 quelque chose, o\u00f9 tout sera clair comme de l&rsquo;eau de roche dans les relations, dans les affaires, et surtout &#8211; dans nos esprits.<\/span><\/p>\n","protected":false},"excerpt":{"rendered":"<p>FORMAT DE LA SESSION De nombreux entrepreneurs \u00e9vitent de payer des imp\u00f4ts, essaient par tous les moyens de ne pas se conformer aux instructions des autorit\u00e9s de contr\u00f4le et font diverses choses pour lesquelles il est \u00e9vident qu&rsquo;il n&rsquo;y a pas d&rsquo;accord et d&rsquo;acceptation des [&hellip;]<\/p>\n","protected":false},"author":1,"featured_media":0,"parent":0,"menu_order":0,"comment_status":"closed","ping_status":"closed","template":"","meta":{"footnotes":""},"class_list":["post-18096","page","type-page","status-publish","hentry"],"_links":{"self":[{"href":"https:\/\/thaisse.org\/fr\/wp-json\/wp\/v2\/pages\/18096","targetHints":{"allow":["GET"]}}],"collection":[{"href":"https:\/\/thaisse.org\/fr\/wp-json\/wp\/v2\/pages"}],"about":[{"href":"https:\/\/thaisse.org\/fr\/wp-json\/wp\/v2\/types\/page"}],"author":[{"embeddable":true,"href":"https:\/\/thaisse.org\/fr\/wp-json\/wp\/v2\/users\/1"}],"replies":[{"embeddable":true,"href":"https:\/\/thaisse.org\/fr\/wp-json\/wp\/v2\/comments?post=18096"}],"version-history":[{"count":1,"href":"https:\/\/thaisse.org\/fr\/wp-json\/wp\/v2\/pages\/18096\/revisions"}],"predecessor-version":[{"id":18103,"href":"https:\/\/thaisse.org\/fr\/wp-json\/wp\/v2\/pages\/18096\/revisions\/18103"}],"wp:attachment":[{"href":"https:\/\/thaisse.org\/fr\/wp-json\/wp\/v2\/media?parent=18096"}],"curies":[{"name":"wp","href":"https:\/\/api.w.org\/{rel}","templated":true}]}}