{"id":18108,"date":"2022-01-28T10:32:27","date_gmt":"2022-01-28T07:32:27","guid":{"rendered":"https:\/\/thaisse.org\/modalites-d-acceptation-des-dons\/"},"modified":"2023-06-02T00:22:06","modified_gmt":"2023-06-01T21:22:06","slug":"modalites-d-acceptation-des-dons","status":"publish","type":"page","link":"https:\/\/thaisse.org\/fr\/modalites-d-acceptation-des-dons\/","title":{"rendered":"Modalit\u00e9s d&rsquo;acceptation des dons"},"content":{"rendered":"<p>[vc_row css=\u00a0\u00bb.vc_custom_1484141648234{padding-top: 100px !important;padding-bottom: 121px !important;}\u00a0\u00bb][vc_column css=\u00a0\u00bb.vc_custom_1474454833553{padding-top: 0px !important;}\u00a0\u00bb][vc_row_inner row_content_width=\u00a0\u00bbgrid\u00a0\u00bb][vc_column_inner width=\u00a0\u00bb1\/4&Prime; offset=\u00a0\u00bbvc_col-md-3&Prime;]<div class=\"eltdf-elements-holder eltdf-responsive-mode-768\" ><div class=\"eltdf-eh-item \" data-item-class=\"eltdf-eh-custom-160454\" data-1024-1280=\"8px 5% 0% 0%\" data-768-1024=\"5px 0% 0% 0%\" data-600-768=\"8px 0% 0% 0%\" data-480-600=\"0% 0% 0% 0%\" data-480=\"0% 0% 5% 0%\" >\n\t<div class=\"eltdf-eh-item-inner\" >\n\t\t<div class=\"eltdf-eh-item-content eltdf-eh-custom-160454\" style=\"padding: 8px 5% 0% 0%\">\n\t\t\t[vc_column_text]<\/p>\n<h3><span style=\"color: #363636; font-size: 30px; line-height: 36px; font-weight: bold;\">D\u00e9tails du compte fran\u00e7ais pour l&rsquo;acceptation des dons pour le mouvement ECO<\/span><\/h3>\n<p>[\/vc_column_text][vc_column_text css=\u00a0\u00bb.vc_custom_1658312753854{margin-top: 100px !important;}\u00a0\u00bb]<\/p>\n<h3><span style=\"color: #363636; font-size: 30px; line-height: 36px; font-weight: bold;\">D\u00e9tails du compte russe pour l&rsquo;acceptation des dons pour le mouvement ECO<\/span><\/h3>\n<p>[\/vc_column_text]\t\t<\/div>\n\t<\/div>\n<\/div><\/div>[\/vc_column_inner][vc_column_inner width=\u00a0\u00bb3\/4&Prime;]<div class=\"eltdf-elements-holder eltdf-responsive-mode-768\" ><div class=\"eltdf-eh-item \" data-item-class=\"eltdf-eh-custom-805416\" data-600-768=\"0 0 0 10%\" data-480=\"0 0 0 0%\" >\n\t<div class=\"eltdf-eh-item-inner\" >\n\t\t<div class=\"eltdf-eh-item-content eltdf-eh-custom-805416\" style=\"padding: 0 0 0 3%\">\n\t\t\t[vc_column_text]<strong>Adresse en France<\/strong><br \/>\nCIC BOURGES<br \/>\n13 RUE MOYENNE &#8211; 18000 BOURGES<br \/>\nTel\u00e9phone : 02-48-16-39-12 &#8211; E-mail : 14692@cic.fr<\/p>\n<p><strong>Titres de comp\u00e9tences<\/strong><br \/>\n14692 CIC BOURGES<br \/>\nC\/C Contrat Pro Associations ASSO POUR AIDE A LA PROTECTION<br \/>\nC\u00d4TE : 30047 14692 00021351401 52<br \/>\nIBAN : FR76 3004 7146 9200 0213 5140 152<br \/>\nBIC : CMCIFRPP<\/p>\n<h3><\/h3>\n<p>&nbsp;<\/p>\n<p><strong>Adresse l\u00e9gale en Russie<\/strong><\/p>\n<p>161\/2 rue Sadovaya, b\u00e2timent 2. Appartement 12<\/p>\n<p><strong>Titres de comp\u00e9tences<\/strong><\/p>\n<p>TAIS ECO STRATEGIES LTD.<\/p>\n<p>Compte courant : 40702810730000056780<\/p>\n<p>Banque : KRASNODAR Branch N8619 PJSC SBERBANK<\/p>\n<p>BIK : 040349602<\/p>\n<p>Cor. Compte : 30101810100000000602<\/p>\n<p>NUM\u00c9RO DE REGISTRE : 1222300003254<\/p>\n<p>INN : 2310227862<\/p>\n<p>ICP : 231001001[\/vc_column_text]\t\t<\/div>\n\t<\/div>\n<\/div><\/div>[\/vc_column_inner][\/vc_row_inner][\/vc_column][\/vc_row][vc_row][vc_column]<div class=\"eltdf-elements-holder eltdf-two-columns eltdf-responsive-mode-1024\" ><div class=\"eltdf-eh-item eltdf-horizontal-alignment-center\" data-item-class=\"eltdf-eh-custom-307068\" data-1280-1600=\"158px 7% 158px 7%\" data-1024-1280=\"158px 7% 158px 7%\" data-768-1024=\"33px 14% 127px 14%\" data-480=\"0px 17% 127px 17%\" >\n\t<div class=\"eltdf-eh-item-inner\" style=\"background-color: #f7f5f2\">\n\t\t<div class=\"eltdf-eh-item-content eltdf-eh-custom-307068\" style=\"padding: 47px 17% 47px 17%\">\n\t\t\t[vc_single_image image=\u00a0\u00bb9039&Prime; img_size=\u00a0\u00bbfull\u00a0\u00bb alignment=\u00a0\u00bbcenter\u00a0\u00bb][vc_empty_space height=\u00a0\u00bb20&Prime;][vc_custom_heading text=\u00a0\u00bbDons\u00a0\u00bb font_container=\u00a0\u00bbtag:h2|font_size:40|text_align:center|line_height:36px\u00a0\u00bb google_fonts=\u00a0\u00bbfont_family:Cuprum%3Aregular%2Citalic%2C700%2C700italic|font_style:600%20bold%20regular%3A600%3Anormal\u00a0\u00bb][vc_empty_space height=\u00a0\u00bb19&Prime;][vc_column_text]<\/p>\n<p>Les choses grandioses se font par des moyens grandioses. La nature seule fait un grand don&#8230; Tous les efforts de la nature sont compl\u00e9t\u00e9s par l&rsquo;homme ; c&rsquo;est vers lui qu&rsquo;ils tendent, c&rsquo;est en lui qu&rsquo;ils se d\u00e9versent, comme dans l&rsquo;oc\u00e9an.<\/p>\n<p>\u23af Alexander Herzen [\/vc_column_text][vc_empty_space height=\u00a0\u00bb29&Prime;][vc_single_image image=\u00a0\u00bb9051&Prime; img_size=\u00a0\u00bbfull\u00a0\u00bb alignment=\u00a0\u00bbcenter\u00a0\u00bb][vc_raw_html]JTNDZGl2JTIwY2xhc3MlM0QlMjJ3ZGdrX2RvbmF0aW9uX2NvbnRlbnQlMjIlMjBzdHlsZSUzRCUyMm1hcmdpbiUzQSUyMGF1dG8lM0IlMjB3aWR0aCUzQSUyMDUwJTI1JTNCJTIwcGFkZGluZyUzQSUyMDEwcHglM0IlMjIlM0UlM0NoMyUzRURvbnMlM0MlMkZoMyUzRSUzQ2RpdiUyMGNsYXNzJTNEJTIyd2Rna19kaXNwbGF5X29wdGlvbiUyMiUzRSUyMCUzQ3NwYW4lM0UlRTIlODIlQkQlM0MlMkZzcGFuJTNFJTNDaW5wdXQlMjB0eXBlJTNEJTIydGV4dCUyMiUyMG5hbWUlM0QlMjJkb25hdGlvbi1wcmljZSUyMiUyMGNsYXNzJTNEJTIyd2Rna19kb25hdGlvbiUyMiUyMHBsYWNlaG9sZGVyJTNEJTIyRXguMTAwJTIyJTIwdmFsdWUlM0QlMjIlMjIlM0UlM0MlMkZkaXYlM0UlM0NhJTIwaHJlZiUzRCUyMmphdmFzY3JpcHQlM0F2b2lkJTI4MCUyOSUyMiUyMGNsYXNzJTNEJTIyYnV0dG9uJTIwd2Rna19hZGRfZG9uYXRpb24lMjIlMjBkYXRhLXByb2R1Y3QtaWQlM0QlMjIxODE0MSUyMiUyMGRhdGEtcHJvZHVjdC11cmwlM0QlMjJodHRwcyUzQSUyRiUyRnRoYWlzc2UuY29tJTJGY2FydCUyRiUyMiUzRURvbnMlM0MlMkZhJTNFJTNDaW5wdXQlMjB0eXBlJTNEJTIyaGlkZGVuJTIyJTIwbmFtZSUzRCUyMndkZ2tfcHJvZHVjdF9pZCUyMiUyMHZhbHVlJTNEJTIyJTIyJTIwY2xhc3MlM0QlMjJ3ZGdrX3Byb2R1Y3RfaWQlMjIlM0UlM0NpbnB1dCUyMHR5cGUlM0QlMjJoaWRkZW4lMjIlMjBuYW1lJTNEJTIyd2Rna19hamF4X3VybCUyMiUyMHZhbHVlJTNEJTIyaHR0cHMlM0ElMkYlMkZ0aGFpc3NlLmNvbSUyRndwLWFkbWluJTJGYWRtaW4tYWpheC5waHAlMjIlMjBjbGFzcyUzRCUyMndkZ2tfYWpheF91cmwlMjIlM0UlM0NpbWclMjBzcmMlM0QlMjJodHRwcyUzQSUyRiUyRnRoYWlzc2UuY29tJTJGd3AtY29udGVudCUyRnBsdWdpbnMlMkZ3b28tZG9uYXRpb25zJTJGYXNzZXRzJTJGaW1hZ2VzJTJGYWpheC1sb2FkZXIuZ2lmJTIyJTIwY2xhc3MlM0QlMjJ3ZGdrX2xvYWRlciUyMHdkZ2tfbG9hZGVyX2ltZyUyMiUzRSUzQ2RpdiUyMGNsYXNzJTNEJTIyd2Rna19lcnJvcl9mcm9udCUyMiUzRSUzQyUyRmRpdiUzRSUzQyUyRmRpdiUzRQ==[\/vc_raw_html]\t\t<\/div>\n\t<\/div>\n<\/div><div class=\"eltdf-eh-item eltdf-vertical-alignment-top\" data-item-class=\"eltdf-eh-custom-448164\" data-1280-1600=\"371px 0 371px 0\" data-1024-1280=\"371px 0 371px 0\" >\n\t<div class=\"eltdf-eh-item-inner\" style=\"background-image: url(https:\/\/thaisse.org\/wp-content\/uploads\/2022\/01\/money.jpg)\">\n\t\t<div class=\"eltdf-eh-item-content eltdf-eh-custom-448164\" style=\"padding: 340px 0 340px 0\">\n\t\t\t\t\t<\/div>\n\t<\/div>\n<\/div><\/div>[\/vc_column][\/vc_row]<\/p>\n","protected":false},"excerpt":{"rendered":"<p>[vc_row css=\u00a0\u00bb.vc_custom_1484141648234{padding-top: 100px !important;padding-bottom: 121px !important;}\u00a0\u00bb][vc_column css=\u00a0\u00bb.vc_custom_1474454833553{padding-top: 0px !important;}\u00a0\u00bb][vc_row_inner row_content_width=\u00a0\u00bbgrid\u00a0\u00bb][vc_column_inner width=\u00a0\u00bb1\/4&Prime; offset=\u00a0\u00bbvc_col-md-3&Prime;][\/vc_column_inner][vc_column_inner width=\u00a0\u00bb3\/4&Prime;][\/vc_column_inner][\/vc_row_inner][\/vc_column][\/vc_row][vc_row][vc_column][\/vc_column][\/vc_row]<\/p>\n","protected":false},"author":1,"featured_media":0,"parent":0,"menu_order":0,"comment_status":"closed","ping_status":"closed","template":"full-width.php","meta":{"footnotes":""},"class_list":["post-18108","page","type-page","status-publish","hentry"],"_links":{"self":[{"href":"https:\/\/thaisse.org\/fr\/wp-json\/wp\/v2\/pages\/18108","targetHints":{"allow":["GET"]}}],"collection":[{"href":"https:\/\/thaisse.org\/fr\/wp-json\/wp\/v2\/pages"}],"about":[{"href":"https:\/\/thaisse.org\/fr\/wp-json\/wp\/v2\/types\/page"}],"author":[{"embeddable":true,"href":"https:\/\/thaisse.org\/fr\/wp-json\/wp\/v2\/users\/1"}],"replies":[{"embeddable":true,"href":"https:\/\/thaisse.org\/fr\/wp-json\/wp\/v2\/comments?post=18108"}],"version-history":[{"count":6,"href":"https:\/\/thaisse.org\/fr\/wp-json\/wp\/v2\/pages\/18108\/revisions"}],"predecessor-version":[{"id":18160,"href":"https:\/\/thaisse.org\/fr\/wp-json\/wp\/v2\/pages\/18108\/revisions\/18160"}],"wp:attachment":[{"href":"https:\/\/thaisse.org\/fr\/wp-json\/wp\/v2\/media?parent=18108"}],"curies":[{"name":"wp","href":"https:\/\/api.w.org\/{rel}","templated":true}]}}